{"id":65,"date":"2021-10-26T10:34:56","date_gmt":"2021-10-26T08:34:56","guid":{"rendered":"http:\/\/centrumpanorama.pl\/konferencje-bankiety\/?page_id=65"},"modified":"2021-11-09T12:57:15","modified_gmt":"2021-11-09T11:57:15","slug":"spacer-3d","status":"publish","type":"page","link":"https:\/\/centrumpanorama.pl\/konferencje-bankiety\/spacer-3d\/","title":{"rendered":"Spacer 3D"},"content":{"rendered":"\t\t<div data-elementor-type=\"wp-page\" data-elementor-id=\"65\" class=\"elementor elementor-65\" data-elementor-post-type=\"page\">\n\t\t\t\t\t\t<section class=\"elementor-section elementor-top-section elementor-element elementor-element-3206db6 elementor-section-boxed elementor-section-height-default elementor-section-height-default\" data-id=\"3206db6\" data-element_type=\"section\">\n\t\t\t\t\t\t<div class=\"elementor-container elementor-column-gap-default\">\n\t\t\t\t\t<div class=\"elementor-column elementor-col-100 elementor-top-column elementor-element elementor-element-b5f7452\" data-id=\"b5f7452\" data-element_type=\"column\">\n\t\t\t<div class=\"elementor-widget-wrap elementor-element-populated\">\n\t\t\t\t\t\t<div class=\"elementor-element elementor-element-fd23aa6 elementor-widget elementor-widget-heading\" data-id=\"fd23aa6\" data-element_type=\"widget\" data-widget_type=\"heading.default\">\n\t\t\t\t<div class=\"elementor-widget-container\">\n\t\t\t<style>\/*! elementor - v3.21.0 - 08-05-2024 *\/\n.elementor-heading-title{padding:0;margin:0;line-height:1}.elementor-widget-heading .elementor-heading-title[class*=elementor-size-]>a{color:inherit;font-size:inherit;line-height:inherit}.elementor-widget-heading .elementor-heading-title.elementor-size-small{font-size:15px}.elementor-widget-heading .elementor-heading-title.elementor-size-medium{font-size:19px}.elementor-widget-heading .elementor-heading-title.elementor-size-large{font-size:29px}.elementor-widget-heading .elementor-heading-title.elementor-size-xl{font-size:39px}.elementor-widget-heading .elementor-heading-title.elementor-size-xxl{font-size:59px}<\/style><h2 class=\"elementor-heading-title elementor-size-default\">Wirtualny Spacer 3D<\/h2>\t\t<\/div>\n\t\t\t\t<\/div>\n\t\t\t\t<div class=\"elementor-element elementor-element-f3829f8 elementor-widget elementor-widget-text-editor\" data-id=\"f3829f8\" data-element_type=\"widget\" data-widget_type=\"text-editor.default\">\n\t\t\t\t<div class=\"elementor-widget-container\">\n\t\t\t<style>\/*! elementor - v3.21.0 - 08-05-2024 *\/\n.elementor-widget-text-editor.elementor-drop-cap-view-stacked .elementor-drop-cap{background-color:#69727d;color:#fff}.elementor-widget-text-editor.elementor-drop-cap-view-framed .elementor-drop-cap{color:#69727d;border:3px solid;background-color:transparent}.elementor-widget-text-editor:not(.elementor-drop-cap-view-default) .elementor-drop-cap{margin-top:8px}.elementor-widget-text-editor:not(.elementor-drop-cap-view-default) .elementor-drop-cap-letter{width:1em;height:1em}.elementor-widget-text-editor .elementor-drop-cap{float:left;text-align:center;line-height:1;font-size:50px}.elementor-widget-text-editor .elementor-drop-cap-letter{display:inline-block}<\/style>\t\t\t\t<p>Uruchom poni\u017cszy modu\u0142 aby zwiedzi\u0107 wn\u0119trze nasze obiektu on-line!<\/p>\t\t\t\t\t\t<\/div>\n\t\t\t\t<\/div>\n\t\t\t\t<div class=\"elementor-element elementor-element-5a2c89b elementor-widget elementor-widget-html\" data-id=\"5a2c89b\" data-element_type=\"widget\" data-widget_type=\"html.default\">\n\t\t\t\t<div class=\"elementor-widget-container\">\n\t\t\t<iframe width='853' height='520' src='https:\/\/my.matterport.com\/show\/?m=n5WHgpKXJ3a' frameborder='0' allowfullscreen allow='xr-spatial-tracking'><\/iframe>\t\t<\/div>\n\t\t\t\t<\/div>\n\t\t\t\t\t<\/div>\n\t\t<\/div>\n\t\t\t\t\t<\/div>\n\t\t<\/section>\n\t\t\t\t<\/div>\n\t\t","protected":false},"excerpt":{"rendered":"<p>Wirtualny Spacer 3D Uruchom poni\u017cszy modu\u0142 aby zwiedzi\u0107 wn\u0119trze nasze obiektu on-line!<\/p>\n","protected":false},"author":1,"featured_media":0,"parent":0,"menu_order":0,"comment_status":"closed","ping_status":"closed","template":"","meta":{"_kad_post_transparent":"","_kad_post_title":"default","_kad_post_layout":"fullwidth","_kad_post_sidebar_id":"","_kad_post_content_style":"unboxed","_kad_post_vertical_padding":"hide","_kad_post_feature":"hide","_kad_post_feature_position":"","_kad_post_header":false,"_kad_post_footer":false,"footnotes":""},"yoast_head":"<!-- This site is optimized with the Yoast SEO plugin v24.5 - https:\/\/yoast.com\/wordpress\/plugins\/seo\/ -->\n<title>Spacer 3D - Centrum Bankietowo-Konferencyjne PANORAMA Ka\u0142ki (gmina Ojrze\u0144)<\/title>\n<meta name=\"robots\" content=\"index, follow, max-snippet:-1, max-image-preview:large, max-video-preview:-1\" \/>\n<link rel=\"canonical\" href=\"https:\/\/centrumpanorama.pl\/konferencje-bankiety\/spacer-3d\/\" \/>\n<meta property=\"og:locale\" content=\"pl_PL\" \/>\n<meta property=\"og:type\" content=\"article\" \/>\n<meta property=\"og:title\" content=\"Spacer 3D - Centrum Bankietowo-Konferencyjne PANORAMA Ka\u0142ki (gmina Ojrze\u0144)\" \/>\n<meta property=\"og:description\" content=\"Wirtualny Spacer 3D Uruchom poni\u017cszy modu\u0142 aby zwiedzi\u0107 wn\u0119trze nasze obiektu on-line!\" \/>\n<meta property=\"og:url\" content=\"https:\/\/centrumpanorama.pl\/konferencje-bankiety\/spacer-3d\/\" \/>\n<meta property=\"og:site_name\" content=\"Centrum Bankietowo-Konferencyjne PANORAMA Ka\u0142ki (gmina Ojrze\u0144)\" \/>\n<meta property=\"article:publisher\" content=\"https:\/\/www.facebook.com\/Centrum-Bankietowo-Konferencyjne-Panorama-1165255736831333\/\" \/>\n<meta property=\"article:modified_time\" content=\"2021-11-09T11:57:15+00:00\" \/>\n<meta name=\"twitter:card\" content=\"summary_large_image\" \/>\n<meta name=\"twitter:label1\" content=\"Szacowany czas czytania\" \/>\n\t<meta name=\"twitter:data1\" content=\"1 minuta\" \/>\n<script type=\"application\/ld+json\" class=\"yoast-schema-graph\">{\"@context\":\"https:\/\/schema.org\",\"@graph\":[{\"@type\":\"WebPage\",\"@id\":\"https:\/\/centrumpanorama.pl\/konferencje-bankiety\/spacer-3d\/\",\"url\":\"https:\/\/centrumpanorama.pl\/konferencje-bankiety\/spacer-3d\/\",\"name\":\"Spacer 3D - Centrum Bankietowo-Konferencyjne PANORAMA Ka\u0142ki (gmina Ojrze\u0144)\",\"isPartOf\":{\"@id\":\"https:\/\/centrumpanorama.pl\/konferencje-bankiety\/#website\"},\"datePublished\":\"2021-10-26T08:34:56+00:00\",\"dateModified\":\"2021-11-09T11:57:15+00:00\",\"breadcrumb\":{\"@id\":\"https:\/\/centrumpanorama.pl\/konferencje-bankiety\/spacer-3d\/#breadcrumb\"},\"inLanguage\":\"pl-PL\",\"potentialAction\":[{\"@type\":\"ReadAction\",\"target\":[\"https:\/\/centrumpanorama.pl\/konferencje-bankiety\/spacer-3d\/\"]}]},{\"@type\":\"BreadcrumbList\",\"@id\":\"https:\/\/centrumpanorama.pl\/konferencje-bankiety\/spacer-3d\/#breadcrumb\",\"itemListElement\":[{\"@type\":\"ListItem\",\"position\":1,\"name\":\"Strona g\u0142\u00f3wna\",\"item\":\"https:\/\/centrumpanorama.pl\/konferencje-bankiety\/\"},{\"@type\":\"ListItem\",\"position\":2,\"name\":\"Spacer 3D\"}]},{\"@type\":\"WebSite\",\"@id\":\"https:\/\/centrumpanorama.pl\/konferencje-bankiety\/#website\",\"url\":\"https:\/\/centrumpanorama.pl\/konferencje-bankiety\/\",\"name\":\"Centrum Bankietowo-Konferencyjne PANORAMA Ka\u0142ki (gmina Ojrze\u0144)\",\"description\":\"Organizujemy imprezy weselne, poprawiny, chrzciny, komunie, konferencje. Organizacja imprez na 200 os\u00f3b. Spokojne miejsce, blisko lasu..\",\"publisher\":{\"@id\":\"https:\/\/centrumpanorama.pl\/konferencje-bankiety\/#organization\"},\"potentialAction\":[{\"@type\":\"SearchAction\",\"target\":{\"@type\":\"EntryPoint\",\"urlTemplate\":\"https:\/\/centrumpanorama.pl\/konferencje-bankiety\/?s={search_term_string}\"},\"query-input\":{\"@type\":\"PropertyValueSpecification\",\"valueRequired\":true,\"valueName\":\"search_term_string\"}}],\"inLanguage\":\"pl-PL\"},{\"@type\":\"Organization\",\"@id\":\"https:\/\/centrumpanorama.pl\/konferencje-bankiety\/#organization\",\"name\":\"Centrum Bankietowo-Konferencyjne PANORAMA Ka\u0142ki (gmina Ojrze\u0144)\",\"url\":\"https:\/\/centrumpanorama.pl\/konferencje-bankiety\/\",\"logo\":{\"@type\":\"ImageObject\",\"inLanguage\":\"pl-PL\",\"@id\":\"https:\/\/centrumpanorama.pl\/konferencje-bankiety\/#\/schema\/logo\/image\/\",\"url\":\"https:\/\/centrumpanorama.pl\/konferencje-bankiety\/wp-content\/uploads\/2021\/10\/centrumpanorama-logo.png\",\"contentUrl\":\"https:\/\/centrumpanorama.pl\/konferencje-bankiety\/wp-content\/uploads\/2021\/10\/centrumpanorama-logo.png\",\"width\":245,\"height\":127,\"caption\":\"Centrum Bankietowo-Konferencyjne PANORAMA Ka\u0142ki (gmina Ojrze\u0144)\"},\"image\":{\"@id\":\"https:\/\/centrumpanorama.pl\/konferencje-bankiety\/#\/schema\/logo\/image\/\"},\"sameAs\":[\"https:\/\/www.facebook.com\/Centrum-Bankietowo-Konferencyjne-Panorama-1165255736831333\/\"]}]}<\/script>\n<!-- \/ Yoast SEO plugin. -->","yoast_head_json":{"title":"Spacer 3D - Centrum Bankietowo-Konferencyjne PANORAMA Ka\u0142ki (gmina Ojrze\u0144)","robots":{"index":"index","follow":"follow","max-snippet":"max-snippet:-1","max-image-preview":"max-image-preview:large","max-video-preview":"max-video-preview:-1"},"canonical":"https:\/\/centrumpanorama.pl\/konferencje-bankiety\/spacer-3d\/","og_locale":"pl_PL","og_type":"article","og_title":"Spacer 3D - Centrum Bankietowo-Konferencyjne PANORAMA Ka\u0142ki (gmina Ojrze\u0144)","og_description":"Wirtualny Spacer 3D Uruchom poni\u017cszy modu\u0142 aby zwiedzi\u0107 wn\u0119trze nasze obiektu on-line!","og_url":"https:\/\/centrumpanorama.pl\/konferencje-bankiety\/spacer-3d\/","og_site_name":"Centrum Bankietowo-Konferencyjne PANORAMA Ka\u0142ki (gmina Ojrze\u0144)","article_publisher":"https:\/\/www.facebook.com\/Centrum-Bankietowo-Konferencyjne-Panorama-1165255736831333\/","article_modified_time":"2021-11-09T11:57:15+00:00","twitter_card":"summary_large_image","twitter_misc":{"Szacowany czas czytania":"1 minuta"},"schema":{"@context":"https:\/\/schema.org","@graph":[{"@type":"WebPage","@id":"https:\/\/centrumpanorama.pl\/konferencje-bankiety\/spacer-3d\/","url":"https:\/\/centrumpanorama.pl\/konferencje-bankiety\/spacer-3d\/","name":"Spacer 3D - Centrum Bankietowo-Konferencyjne PANORAMA Ka\u0142ki (gmina Ojrze\u0144)","isPartOf":{"@id":"https:\/\/centrumpanorama.pl\/konferencje-bankiety\/#website"},"datePublished":"2021-10-26T08:34:56+00:00","dateModified":"2021-11-09T11:57:15+00:00","breadcrumb":{"@id":"https:\/\/centrumpanorama.pl\/konferencje-bankiety\/spacer-3d\/#breadcrumb"},"inLanguage":"pl-PL","potentialAction":[{"@type":"ReadAction","target":["https:\/\/centrumpanorama.pl\/konferencje-bankiety\/spacer-3d\/"]}]},{"@type":"BreadcrumbList","@id":"https:\/\/centrumpanorama.pl\/konferencje-bankiety\/spacer-3d\/#breadcrumb","itemListElement":[{"@type":"ListItem","position":1,"name":"Strona g\u0142\u00f3wna","item":"https:\/\/centrumpanorama.pl\/konferencje-bankiety\/"},{"@type":"ListItem","position":2,"name":"Spacer 3D"}]},{"@type":"WebSite","@id":"https:\/\/centrumpanorama.pl\/konferencje-bankiety\/#website","url":"https:\/\/centrumpanorama.pl\/konferencje-bankiety\/","name":"Centrum Bankietowo-Konferencyjne PANORAMA Ka\u0142ki (gmina Ojrze\u0144)","description":"Organizujemy imprezy weselne, poprawiny, chrzciny, komunie, konferencje. Organizacja imprez na 200 os\u00f3b. Spokojne miejsce, blisko lasu..","publisher":{"@id":"https:\/\/centrumpanorama.pl\/konferencje-bankiety\/#organization"},"potentialAction":[{"@type":"SearchAction","target":{"@type":"EntryPoint","urlTemplate":"https:\/\/centrumpanorama.pl\/konferencje-bankiety\/?s={search_term_string}"},"query-input":{"@type":"PropertyValueSpecification","valueRequired":true,"valueName":"search_term_string"}}],"inLanguage":"pl-PL"},{"@type":"Organization","@id":"https:\/\/centrumpanorama.pl\/konferencje-bankiety\/#organization","name":"Centrum Bankietowo-Konferencyjne PANORAMA Ka\u0142ki (gmina Ojrze\u0144)","url":"https:\/\/centrumpanorama.pl\/konferencje-bankiety\/","logo":{"@type":"ImageObject","inLanguage":"pl-PL","@id":"https:\/\/centrumpanorama.pl\/konferencje-bankiety\/#\/schema\/logo\/image\/","url":"https:\/\/centrumpanorama.pl\/konferencje-bankiety\/wp-content\/uploads\/2021\/10\/centrumpanorama-logo.png","contentUrl":"https:\/\/centrumpanorama.pl\/konferencje-bankiety\/wp-content\/uploads\/2021\/10\/centrumpanorama-logo.png","width":245,"height":127,"caption":"Centrum Bankietowo-Konferencyjne PANORAMA Ka\u0142ki (gmina Ojrze\u0144)"},"image":{"@id":"https:\/\/centrumpanorama.pl\/konferencje-bankiety\/#\/schema\/logo\/image\/"},"sameAs":["https:\/\/www.facebook.com\/Centrum-Bankietowo-Konferencyjne-Panorama-1165255736831333\/"]}]}},"_links":{"self":[{"href":"https:\/\/centrumpanorama.pl\/konferencje-bankiety\/wp-json\/wp\/v2\/pages\/65"}],"collection":[{"href":"https:\/\/centrumpanorama.pl\/konferencje-bankiety\/wp-json\/wp\/v2\/pages"}],"about":[{"href":"https:\/\/centrumpanorama.pl\/konferencje-bankiety\/wp-json\/wp\/v2\/types\/page"}],"author":[{"embeddable":true,"href":"https:\/\/centrumpanorama.pl\/konferencje-bankiety\/wp-json\/wp\/v2\/users\/1"}],"replies":[{"embeddable":true,"href":"https:\/\/centrumpanorama.pl\/konferencje-bankiety\/wp-json\/wp\/v2\/comments?post=65"}],"version-history":[{"count":11,"href":"https:\/\/centrumpanorama.pl\/konferencje-bankiety\/wp-json\/wp\/v2\/pages\/65\/revisions"}],"predecessor-version":[{"id":731,"href":"https:\/\/centrumpanorama.pl\/konferencje-bankiety\/wp-json\/wp\/v2\/pages\/65\/revisions\/731"}],"wp:attachment":[{"href":"https:\/\/centrumpanorama.pl\/konferencje-bankiety\/wp-json\/wp\/v2\/media?parent=65"}],"curies":[{"name":"wp","href":"https:\/\/api.w.org\/{rel}","templated":true}]}}