{"id":21,"date":"2021-10-22T13:57:00","date_gmt":"2021-10-22T11:57:00","guid":{"rendered":"http:\/\/centrumpanorama.pl\/konferencje-bankiety\/?page_id=21"},"modified":"2021-11-09T13:28:33","modified_gmt":"2021-11-09T12:28:33","slug":"rezerwacje","status":"publish","type":"page","link":"https:\/\/centrumpanorama.pl\/konferencje-bankiety\/rezerwacje\/","title":{"rendered":"Rezerwacje"},"content":{"rendered":"\t\t<div data-elementor-type=\"wp-page\" data-elementor-id=\"21\" class=\"elementor elementor-21\" data-elementor-post-type=\"page\">\n\t\t\t\t\t\t<section class=\"elementor-section elementor-top-section elementor-element elementor-element-5ff3d2fb elementor-section-full_width reservation-row elementor-section-height-default elementor-section-height-default\" data-id=\"5ff3d2fb\" data-element_type=\"section\">\n\t\t\t\t\t\t<div class=\"elementor-container elementor-column-gap-default\">\n\t\t\t\t\t<div class=\"elementor-column elementor-col-33 elementor-top-column elementor-element elementor-element-7e4821f5 reservation-col-2 elementor-invisible\" data-id=\"7e4821f5\" data-element_type=\"column\" data-settings=\"{&quot;background_background&quot;:&quot;classic&quot;,&quot;animation&quot;:&quot;fadeIn&quot;}\">\n\t\t\t<div class=\"elementor-widget-wrap elementor-element-populated\">\n\t\t\t\t\t<div class=\"elementor-background-overlay\"><\/div>\n\t\t\t\t\t\t<div class=\"elementor-element elementor-element-81b8202 elementor-invisible elementor-widget elementor-widget-heading\" data-id=\"81b8202\" data-element_type=\"widget\" data-settings=\"{&quot;_animation&quot;:&quot;fadeIn&quot;}\" data-widget_type=\"heading.default\">\n\t\t\t\t<div class=\"elementor-widget-container\">\n\t\t\t<style>\/*! elementor - v3.21.0 - 08-05-2024 *\/\n.elementor-heading-title{padding:0;margin:0;line-height:1}.elementor-widget-heading .elementor-heading-title[class*=elementor-size-]>a{color:inherit;font-size:inherit;line-height:inherit}.elementor-widget-heading .elementor-heading-title.elementor-size-small{font-size:15px}.elementor-widget-heading .elementor-heading-title.elementor-size-medium{font-size:19px}.elementor-widget-heading .elementor-heading-title.elementor-size-large{font-size:29px}.elementor-widget-heading .elementor-heading-title.elementor-size-xl{font-size:39px}.elementor-widget-heading .elementor-heading-title.elementor-size-xxl{font-size:59px}<\/style><p class=\"elementor-heading-title elementor-size-default\">Szanowni Pa\u0144stwo,<\/p>\t\t<\/div>\n\t\t\t\t<\/div>\n\t\t\t\t<div class=\"elementor-element elementor-element-1474d9b elementor-widget elementor-widget-text-editor\" data-id=\"1474d9b\" data-element_type=\"widget\" data-widget_type=\"text-editor.default\">\n\t\t\t\t<div class=\"elementor-widget-container\">\n\t\t\t<style>\/*! elementor - v3.21.0 - 08-05-2024 *\/\n.elementor-widget-text-editor.elementor-drop-cap-view-stacked .elementor-drop-cap{background-color:#69727d;color:#fff}.elementor-widget-text-editor.elementor-drop-cap-view-framed .elementor-drop-cap{color:#69727d;border:3px solid;background-color:transparent}.elementor-widget-text-editor:not(.elementor-drop-cap-view-default) .elementor-drop-cap{margin-top:8px}.elementor-widget-text-editor:not(.elementor-drop-cap-view-default) .elementor-drop-cap-letter{width:1em;height:1em}.elementor-widget-text-editor .elementor-drop-cap{float:left;text-align:center;line-height:1;font-size:50px}.elementor-widget-text-editor .elementor-drop-cap-letter{display:inline-block}<\/style>\t\t\t\t<p>Wszystkie informacje w temacie wolnych termin\u00f3w, ich rezerwacji oraz koszt\u00f3w zorganizowania przyj\u0119cia uzyskaj\u0105 pa\u0144stwo pod poni\u017cszymi numerami telefon\u00f3w.<\/p>\t\t\t\t\t\t<\/div>\n\t\t\t\t<\/div>\n\t\t\t\t<div class=\"elementor-element elementor-element-ec5c86f elementor-align-center elementor-widget elementor-widget-button\" data-id=\"ec5c86f\" data-element_type=\"widget\" data-widget_type=\"button.default\">\n\t\t\t\t<div class=\"elementor-widget-container\">\n\t\t\t\t\t<div class=\"elementor-button-wrapper\">\n\t\t\t<a class=\"elementor-button elementor-button-link elementor-size-md\" href=\"tel:502545528\">\n\t\t\t\t\t\t<span class=\"elementor-button-content-wrapper\">\n\t\t\t\t\t\t<span class=\"elementor-button-icon elementor-align-icon-left\">\n\t\t\t\t<svg aria-hidden=\"true\" class=\"e-font-icon-svg e-fas-mobile-alt\" viewBox=\"0 0 320 512\" xmlns=\"http:\/\/www.w3.org\/2000\/svg\"><path d=\"M272 0H48C21.5 0 0 21.5 0 48v416c0 26.5 21.5 48 48 48h224c26.5 0 48-21.5 48-48V48c0-26.5-21.5-48-48-48zM160 480c-17.7 0-32-14.3-32-32s14.3-32 32-32 32 14.3 32 32-14.3 32-32 32zm112-108c0 6.6-5.4 12-12 12H60c-6.6 0-12-5.4-12-12V60c0-6.6 5.4-12 12-12h200c6.6 0 12 5.4 12 12v312z\"><\/path><\/svg>\t\t\t<\/span>\n\t\t\t\t\t\t\t\t\t<span class=\"elementor-button-text\">502 545 528<\/span>\n\t\t\t\t\t<\/span>\n\t\t\t\t\t<\/a>\n\t\t<\/div>\n\t\t\t\t<\/div>\n\t\t\t\t<\/div>\n\t\t\t\t<div class=\"elementor-element elementor-element-56ab2fb elementor-align-center elementor-widget elementor-widget-button\" data-id=\"56ab2fb\" data-element_type=\"widget\" data-widget_type=\"button.default\">\n\t\t\t\t<div class=\"elementor-widget-container\">\n\t\t\t\t\t<div class=\"elementor-button-wrapper\">\n\t\t\t<a class=\"elementor-button elementor-button-link elementor-size-md\" href=\"tel:509025756\">\n\t\t\t\t\t\t<span class=\"elementor-button-content-wrapper\">\n\t\t\t\t\t\t<span class=\"elementor-button-icon elementor-align-icon-left\">\n\t\t\t\t<svg aria-hidden=\"true\" class=\"e-font-icon-svg e-fas-mobile-alt\" viewBox=\"0 0 320 512\" xmlns=\"http:\/\/www.w3.org\/2000\/svg\"><path d=\"M272 0H48C21.5 0 0 21.5 0 48v416c0 26.5 21.5 48 48 48h224c26.5 0 48-21.5 48-48V48c0-26.5-21.5-48-48-48zM160 480c-17.7 0-32-14.3-32-32s14.3-32 32-32 32 14.3 32 32-14.3 32-32 32zm112-108c0 6.6-5.4 12-12 12H60c-6.6 0-12-5.4-12-12V60c0-6.6 5.4-12 12-12h200c6.6 0 12 5.4 12 12v312z\"><\/path><\/svg>\t\t\t<\/span>\n\t\t\t\t\t\t\t\t\t<span class=\"elementor-button-text\">509 025 756<\/span>\n\t\t\t\t\t<\/span>\n\t\t\t\t\t<\/a>\n\t\t<\/div>\n\t\t\t\t<\/div>\n\t\t\t\t<\/div>\n\t\t\t\t\t<\/div>\n\t\t<\/div>\n\t\t\t\t<div class=\"elementor-column elementor-col-33 elementor-top-column elementor-element elementor-element-81bfb70 reservation-col-1 elementor-invisible\" data-id=\"81bfb70\" data-element_type=\"column\" data-settings=\"{&quot;animation&quot;:&quot;fadeIn&quot;}\">\n\t\t\t<div class=\"elementor-widget-wrap elementor-element-populated\">\n\t\t\t\t\t\t<div class=\"elementor-element elementor-element-3e23b992 elementor-widget elementor-widget-image\" data-id=\"3e23b992\" data-element_type=\"widget\" data-widget_type=\"image.default\">\n\t\t\t\t<div class=\"elementor-widget-container\">\n\t\t\t<style>\/*! elementor - v3.21.0 - 08-05-2024 *\/\n.elementor-widget-image{text-align:center}.elementor-widget-image a{display:inline-block}.elementor-widget-image a img[src$=\".svg\"]{width:48px}.elementor-widget-image img{vertical-align:middle;display:inline-block}<\/style>\t\t\t\t\t\t\t\t\t\t\t<a href=\"https:\/\/centrumpanorama.pl\/konferencje-bankiety\/wp-content\/uploads\/2021\/11\/rezerwacja-1.jpg\" data-elementor-open-lightbox=\"yes\" data-elementor-lightbox-title=\"rezerwacja-1\" data-e-action-hash=\"#elementor-action%3Aaction%3Dlightbox%26settings%3DeyJpZCI6Njc4LCJ1cmwiOiJodHRwczpcL1wvY2VudHJ1bXBhbm9yYW1hLnBsXC9rb25mZXJlbmNqZS1iYW5raWV0eVwvd3AtY29udGVudFwvdXBsb2Fkc1wvMjAyMVwvMTFcL3JlemVyd2FjamEtMS5qcGcifQ%3D%3D\">\n\t\t\t\t\t\t\t<img fetchpriority=\"high\" decoding=\"async\" width=\"824\" height=\"801\" src=\"https:\/\/centrumpanorama.pl\/konferencje-bankiety\/wp-content\/uploads\/2021\/11\/rezerwacja-1.jpg\" class=\"attachment-large size-large wp-image-678\" alt=\"\" srcset=\"https:\/\/centrumpanorama.pl\/konferencje-bankiety\/wp-content\/uploads\/2021\/11\/rezerwacja-1.jpg 824w, https:\/\/centrumpanorama.pl\/konferencje-bankiety\/wp-content\/uploads\/2021\/11\/rezerwacja-1-300x292.jpg 300w, https:\/\/centrumpanorama.pl\/konferencje-bankiety\/wp-content\/uploads\/2021\/11\/rezerwacja-1-768x747.jpg 768w\" sizes=\"(max-width: 824px) 100vw, 824px\" \/>\t\t\t\t\t\t\t\t<\/a>\n\t\t\t\t\t\t\t\t\t\t\t\t\t<\/div>\n\t\t\t\t<\/div>\n\t\t\t\t\t<\/div>\n\t\t<\/div>\n\t\t\t\t<div class=\"elementor-column elementor-col-33 elementor-top-column elementor-element elementor-element-1b3b6beb reservation-col-3 elementor-invisible\" data-id=\"1b3b6beb\" data-element_type=\"column\" data-settings=\"{&quot;animation&quot;:&quot;fadeIn&quot;}\">\n\t\t\t<div class=\"elementor-widget-wrap elementor-element-populated\">\n\t\t\t\t\t\t<div class=\"elementor-element elementor-element-2d8add8e elementor-invisible elementor-widget elementor-widget-image\" data-id=\"2d8add8e\" data-element_type=\"widget\" data-settings=\"{&quot;_animation&quot;:&quot;fadeIn&quot;}\" data-widget_type=\"image.default\">\n\t\t\t\t<div class=\"elementor-widget-container\">\n\t\t\t\t\t\t\t\t\t\t\t\t\t\t<a href=\"https:\/\/centrumpanorama.pl\/konferencje-bankiety\/wp-content\/uploads\/2021\/11\/rezerwacja-2.jpg\" data-elementor-open-lightbox=\"yes\" data-elementor-lightbox-title=\"rezerwacja-2\" data-e-action-hash=\"#elementor-action%3Aaction%3Dlightbox%26settings%3DeyJpZCI6Njc5LCJ1cmwiOiJodHRwczpcL1wvY2VudHJ1bXBhbm9yYW1hLnBsXC9rb25mZXJlbmNqZS1iYW5raWV0eVwvd3AtY29udGVudFwvdXBsb2Fkc1wvMjAyMVwvMTFcL3JlemVyd2FjamEtMi5qcGcifQ%3D%3D\">\n\t\t\t\t\t\t\t<img decoding=\"async\" width=\"824\" height=\"800\" src=\"https:\/\/centrumpanorama.pl\/konferencje-bankiety\/wp-content\/uploads\/2021\/11\/rezerwacja-2.jpg\" class=\"attachment-large size-large wp-image-679\" alt=\"\" srcset=\"https:\/\/centrumpanorama.pl\/konferencje-bankiety\/wp-content\/uploads\/2021\/11\/rezerwacja-2.jpg 824w, https:\/\/centrumpanorama.pl\/konferencje-bankiety\/wp-content\/uploads\/2021\/11\/rezerwacja-2-300x291.jpg 300w, https:\/\/centrumpanorama.pl\/konferencje-bankiety\/wp-content\/uploads\/2021\/11\/rezerwacja-2-768x746.jpg 768w\" sizes=\"(max-width: 824px) 100vw, 824px\" \/>\t\t\t\t\t\t\t\t<\/a>\n\t\t\t\t\t\t\t\t\t\t\t\t\t<\/div>\n\t\t\t\t<\/div>\n\t\t\t\t\t<\/div>\n\t\t<\/div>\n\t\t\t\t\t<\/div>\n\t\t<\/section>\n\t\t\t\t<\/div>\n\t\t","protected":false},"excerpt":{"rendered":"<p>Szanowni Pa\u0144stwo, Wszystkie informacje w temacie wolnych termin\u00f3w, ich rezerwacji oraz koszt\u00f3w zorganizowania przyj\u0119cia uzyskaj\u0105 pa\u0144stwo pod poni\u017cszymi numerami telefon\u00f3w. 502 545 528 509 025 756<\/p>\n","protected":false},"author":1,"featured_media":0,"parent":0,"menu_order":0,"comment_status":"closed","ping_status":"closed","template":"","meta":{"_kad_post_transparent":"","_kad_post_title":"default","_kad_post_layout":"fullwidth","_kad_post_sidebar_id":"","_kad_post_content_style":"unboxed","_kad_post_vertical_padding":"hide","_kad_post_feature":"hide","_kad_post_feature_position":"","_kad_post_header":false,"_kad_post_footer":false,"footnotes":""},"yoast_head":"<!-- This site is optimized with the Yoast SEO plugin v24.5 - https:\/\/yoast.com\/wordpress\/plugins\/seo\/ -->\n<title>Rezerwacje - Centrum Bankietowo-Konferencyjne PANORAMA Ka\u0142ki (gmina Ojrze\u0144)<\/title>\n<meta name=\"robots\" content=\"index, follow, max-snippet:-1, max-image-preview:large, max-video-preview:-1\" \/>\n<link rel=\"canonical\" href=\"https:\/\/centrumpanorama.pl\/konferencje-bankiety\/rezerwacje\/\" \/>\n<meta property=\"og:locale\" content=\"pl_PL\" \/>\n<meta property=\"og:type\" content=\"article\" \/>\n<meta property=\"og:title\" content=\"Rezerwacje - Centrum Bankietowo-Konferencyjne PANORAMA Ka\u0142ki (gmina Ojrze\u0144)\" \/>\n<meta property=\"og:description\" content=\"Szanowni Pa\u0144stwo, Wszystkie informacje w temacie wolnych termin\u00f3w, ich rezerwacji oraz koszt\u00f3w zorganizowania przyj\u0119cia uzyskaj\u0105 pa\u0144stwo pod poni\u017cszymi numerami telefon\u00f3w. 502 545 528 509 025 756\" \/>\n<meta property=\"og:url\" content=\"https:\/\/centrumpanorama.pl\/konferencje-bankiety\/rezerwacje\/\" \/>\n<meta property=\"og:site_name\" content=\"Centrum Bankietowo-Konferencyjne PANORAMA Ka\u0142ki (gmina Ojrze\u0144)\" \/>\n<meta property=\"article:publisher\" content=\"https:\/\/www.facebook.com\/Centrum-Bankietowo-Konferencyjne-Panorama-1165255736831333\/\" \/>\n<meta property=\"article:modified_time\" content=\"2021-11-09T12:28:33+00:00\" \/>\n<meta property=\"og:image\" content=\"https:\/\/centrumpanorama.pl\/konferencje-bankiety\/wp-content\/uploads\/2021\/11\/rezerwacja-1.jpg\" \/>\n<meta name=\"twitter:card\" content=\"summary_large_image\" \/>\n<meta name=\"twitter:label1\" content=\"Szacowany czas czytania\" \/>\n\t<meta name=\"twitter:data1\" content=\"1 minuta\" \/>\n<script type=\"application\/ld+json\" class=\"yoast-schema-graph\">{\"@context\":\"https:\/\/schema.org\",\"@graph\":[{\"@type\":\"WebPage\",\"@id\":\"https:\/\/centrumpanorama.pl\/konferencje-bankiety\/rezerwacje\/\",\"url\":\"https:\/\/centrumpanorama.pl\/konferencje-bankiety\/rezerwacje\/\",\"name\":\"Rezerwacje - Centrum Bankietowo-Konferencyjne PANORAMA Ka\u0142ki (gmina Ojrze\u0144)\",\"isPartOf\":{\"@id\":\"https:\/\/centrumpanorama.pl\/konferencje-bankiety\/#website\"},\"primaryImageOfPage\":{\"@id\":\"https:\/\/centrumpanorama.pl\/konferencje-bankiety\/rezerwacje\/#primaryimage\"},\"image\":{\"@id\":\"https:\/\/centrumpanorama.pl\/konferencje-bankiety\/rezerwacje\/#primaryimage\"},\"thumbnailUrl\":\"https:\/\/centrumpanorama.pl\/konferencje-bankiety\/wp-content\/uploads\/2021\/11\/rezerwacja-1.jpg\",\"datePublished\":\"2021-10-22T11:57:00+00:00\",\"dateModified\":\"2021-11-09T12:28:33+00:00\",\"breadcrumb\":{\"@id\":\"https:\/\/centrumpanorama.pl\/konferencje-bankiety\/rezerwacje\/#breadcrumb\"},\"inLanguage\":\"pl-PL\",\"potentialAction\":[{\"@type\":\"ReadAction\",\"target\":[\"https:\/\/centrumpanorama.pl\/konferencje-bankiety\/rezerwacje\/\"]}]},{\"@type\":\"ImageObject\",\"inLanguage\":\"pl-PL\",\"@id\":\"https:\/\/centrumpanorama.pl\/konferencje-bankiety\/rezerwacje\/#primaryimage\",\"url\":\"https:\/\/centrumpanorama.pl\/konferencje-bankiety\/wp-content\/uploads\/2021\/11\/rezerwacja-1.jpg\",\"contentUrl\":\"https:\/\/centrumpanorama.pl\/konferencje-bankiety\/wp-content\/uploads\/2021\/11\/rezerwacja-1.jpg\",\"width\":824,\"height\":801},{\"@type\":\"BreadcrumbList\",\"@id\":\"https:\/\/centrumpanorama.pl\/konferencje-bankiety\/rezerwacje\/#breadcrumb\",\"itemListElement\":[{\"@type\":\"ListItem\",\"position\":1,\"name\":\"Strona g\u0142\u00f3wna\",\"item\":\"https:\/\/centrumpanorama.pl\/konferencje-bankiety\/\"},{\"@type\":\"ListItem\",\"position\":2,\"name\":\"Rezerwacje\"}]},{\"@type\":\"WebSite\",\"@id\":\"https:\/\/centrumpanorama.pl\/konferencje-bankiety\/#website\",\"url\":\"https:\/\/centrumpanorama.pl\/konferencje-bankiety\/\",\"name\":\"Centrum Bankietowo-Konferencyjne PANORAMA Ka\u0142ki (gmina Ojrze\u0144)\",\"description\":\"Organizujemy imprezy weselne, poprawiny, chrzciny, komunie, konferencje. Organizacja imprez na 200 os\u00f3b. Spokojne miejsce, blisko lasu..\",\"publisher\":{\"@id\":\"https:\/\/centrumpanorama.pl\/konferencje-bankiety\/#organization\"},\"potentialAction\":[{\"@type\":\"SearchAction\",\"target\":{\"@type\":\"EntryPoint\",\"urlTemplate\":\"https:\/\/centrumpanorama.pl\/konferencje-bankiety\/?s={search_term_string}\"},\"query-input\":{\"@type\":\"PropertyValueSpecification\",\"valueRequired\":true,\"valueName\":\"search_term_string\"}}],\"inLanguage\":\"pl-PL\"},{\"@type\":\"Organization\",\"@id\":\"https:\/\/centrumpanorama.pl\/konferencje-bankiety\/#organization\",\"name\":\"Centrum Bankietowo-Konferencyjne PANORAMA Ka\u0142ki (gmina Ojrze\u0144)\",\"url\":\"https:\/\/centrumpanorama.pl\/konferencje-bankiety\/\",\"logo\":{\"@type\":\"ImageObject\",\"inLanguage\":\"pl-PL\",\"@id\":\"https:\/\/centrumpanorama.pl\/konferencje-bankiety\/#\/schema\/logo\/image\/\",\"url\":\"https:\/\/centrumpanorama.pl\/konferencje-bankiety\/wp-content\/uploads\/2021\/10\/centrumpanorama-logo.png\",\"contentUrl\":\"https:\/\/centrumpanorama.pl\/konferencje-bankiety\/wp-content\/uploads\/2021\/10\/centrumpanorama-logo.png\",\"width\":245,\"height\":127,\"caption\":\"Centrum Bankietowo-Konferencyjne PANORAMA Ka\u0142ki (gmina Ojrze\u0144)\"},\"image\":{\"@id\":\"https:\/\/centrumpanorama.pl\/konferencje-bankiety\/#\/schema\/logo\/image\/\"},\"sameAs\":[\"https:\/\/www.facebook.com\/Centrum-Bankietowo-Konferencyjne-Panorama-1165255736831333\/\"]}]}<\/script>\n<!-- \/ Yoast SEO plugin. -->","yoast_head_json":{"title":"Rezerwacje - Centrum Bankietowo-Konferencyjne PANORAMA Ka\u0142ki (gmina Ojrze\u0144)","robots":{"index":"index","follow":"follow","max-snippet":"max-snippet:-1","max-image-preview":"max-image-preview:large","max-video-preview":"max-video-preview:-1"},"canonical":"https:\/\/centrumpanorama.pl\/konferencje-bankiety\/rezerwacje\/","og_locale":"pl_PL","og_type":"article","og_title":"Rezerwacje - Centrum Bankietowo-Konferencyjne PANORAMA Ka\u0142ki (gmina Ojrze\u0144)","og_description":"Szanowni Pa\u0144stwo, Wszystkie informacje w temacie wolnych termin\u00f3w, ich rezerwacji oraz koszt\u00f3w zorganizowania przyj\u0119cia uzyskaj\u0105 pa\u0144stwo pod poni\u017cszymi numerami telefon\u00f3w. 502 545 528 509 025 756","og_url":"https:\/\/centrumpanorama.pl\/konferencje-bankiety\/rezerwacje\/","og_site_name":"Centrum Bankietowo-Konferencyjne PANORAMA Ka\u0142ki (gmina Ojrze\u0144)","article_publisher":"https:\/\/www.facebook.com\/Centrum-Bankietowo-Konferencyjne-Panorama-1165255736831333\/","article_modified_time":"2021-11-09T12:28:33+00:00","og_image":[{"url":"https:\/\/centrumpanorama.pl\/konferencje-bankiety\/wp-content\/uploads\/2021\/11\/rezerwacja-1.jpg","type":"","width":"","height":""}],"twitter_card":"summary_large_image","twitter_misc":{"Szacowany czas czytania":"1 minuta"},"schema":{"@context":"https:\/\/schema.org","@graph":[{"@type":"WebPage","@id":"https:\/\/centrumpanorama.pl\/konferencje-bankiety\/rezerwacje\/","url":"https:\/\/centrumpanorama.pl\/konferencje-bankiety\/rezerwacje\/","name":"Rezerwacje - Centrum Bankietowo-Konferencyjne PANORAMA Ka\u0142ki (gmina Ojrze\u0144)","isPartOf":{"@id":"https:\/\/centrumpanorama.pl\/konferencje-bankiety\/#website"},"primaryImageOfPage":{"@id":"https:\/\/centrumpanorama.pl\/konferencje-bankiety\/rezerwacje\/#primaryimage"},"image":{"@id":"https:\/\/centrumpanorama.pl\/konferencje-bankiety\/rezerwacje\/#primaryimage"},"thumbnailUrl":"https:\/\/centrumpanorama.pl\/konferencje-bankiety\/wp-content\/uploads\/2021\/11\/rezerwacja-1.jpg","datePublished":"2021-10-22T11:57:00+00:00","dateModified":"2021-11-09T12:28:33+00:00","breadcrumb":{"@id":"https:\/\/centrumpanorama.pl\/konferencje-bankiety\/rezerwacje\/#breadcrumb"},"inLanguage":"pl-PL","potentialAction":[{"@type":"ReadAction","target":["https:\/\/centrumpanorama.pl\/konferencje-bankiety\/rezerwacje\/"]}]},{"@type":"ImageObject","inLanguage":"pl-PL","@id":"https:\/\/centrumpanorama.pl\/konferencje-bankiety\/rezerwacje\/#primaryimage","url":"https:\/\/centrumpanorama.pl\/konferencje-bankiety\/wp-content\/uploads\/2021\/11\/rezerwacja-1.jpg","contentUrl":"https:\/\/centrumpanorama.pl\/konferencje-bankiety\/wp-content\/uploads\/2021\/11\/rezerwacja-1.jpg","width":824,"height":801},{"@type":"BreadcrumbList","@id":"https:\/\/centrumpanorama.pl\/konferencje-bankiety\/rezerwacje\/#breadcrumb","itemListElement":[{"@type":"ListItem","position":1,"name":"Strona g\u0142\u00f3wna","item":"https:\/\/centrumpanorama.pl\/konferencje-bankiety\/"},{"@type":"ListItem","position":2,"name":"Rezerwacje"}]},{"@type":"WebSite","@id":"https:\/\/centrumpanorama.pl\/konferencje-bankiety\/#website","url":"https:\/\/centrumpanorama.pl\/konferencje-bankiety\/","name":"Centrum Bankietowo-Konferencyjne PANORAMA Ka\u0142ki (gmina Ojrze\u0144)","description":"Organizujemy imprezy weselne, poprawiny, chrzciny, komunie, konferencje. Organizacja imprez na 200 os\u00f3b. Spokojne miejsce, blisko lasu..","publisher":{"@id":"https:\/\/centrumpanorama.pl\/konferencje-bankiety\/#organization"},"potentialAction":[{"@type":"SearchAction","target":{"@type":"EntryPoint","urlTemplate":"https:\/\/centrumpanorama.pl\/konferencje-bankiety\/?s={search_term_string}"},"query-input":{"@type":"PropertyValueSpecification","valueRequired":true,"valueName":"search_term_string"}}],"inLanguage":"pl-PL"},{"@type":"Organization","@id":"https:\/\/centrumpanorama.pl\/konferencje-bankiety\/#organization","name":"Centrum Bankietowo-Konferencyjne PANORAMA Ka\u0142ki (gmina Ojrze\u0144)","url":"https:\/\/centrumpanorama.pl\/konferencje-bankiety\/","logo":{"@type":"ImageObject","inLanguage":"pl-PL","@id":"https:\/\/centrumpanorama.pl\/konferencje-bankiety\/#\/schema\/logo\/image\/","url":"https:\/\/centrumpanorama.pl\/konferencje-bankiety\/wp-content\/uploads\/2021\/10\/centrumpanorama-logo.png","contentUrl":"https:\/\/centrumpanorama.pl\/konferencje-bankiety\/wp-content\/uploads\/2021\/10\/centrumpanorama-logo.png","width":245,"height":127,"caption":"Centrum Bankietowo-Konferencyjne PANORAMA Ka\u0142ki (gmina Ojrze\u0144)"},"image":{"@id":"https:\/\/centrumpanorama.pl\/konferencje-bankiety\/#\/schema\/logo\/image\/"},"sameAs":["https:\/\/www.facebook.com\/Centrum-Bankietowo-Konferencyjne-Panorama-1165255736831333\/"]}]}},"_links":{"self":[{"href":"https:\/\/centrumpanorama.pl\/konferencje-bankiety\/wp-json\/wp\/v2\/pages\/21"}],"collection":[{"href":"https:\/\/centrumpanorama.pl\/konferencje-bankiety\/wp-json\/wp\/v2\/pages"}],"about":[{"href":"https:\/\/centrumpanorama.pl\/konferencje-bankiety\/wp-json\/wp\/v2\/types\/page"}],"author":[{"embeddable":true,"href":"https:\/\/centrumpanorama.pl\/konferencje-bankiety\/wp-json\/wp\/v2\/users\/1"}],"replies":[{"embeddable":true,"href":"https:\/\/centrumpanorama.pl\/konferencje-bankiety\/wp-json\/wp\/v2\/comments?post=21"}],"version-history":[{"count":36,"href":"https:\/\/centrumpanorama.pl\/konferencje-bankiety\/wp-json\/wp\/v2\/pages\/21\/revisions"}],"predecessor-version":[{"id":768,"href":"https:\/\/centrumpanorama.pl\/konferencje-bankiety\/wp-json\/wp\/v2\/pages\/21\/revisions\/768"}],"wp:attachment":[{"href":"https:\/\/centrumpanorama.pl\/konferencje-bankiety\/wp-json\/wp\/v2\/media?parent=21"}],"curies":[{"name":"wp","href":"https:\/\/api.w.org\/{rel}","templated":true}]}}